{"id":10443,"date":"2022-01-14T11:12:25","date_gmt":"2022-01-14T10:12:25","guid":{"rendered":"http:\/\/flyingsuperkids.com\/booking\/"},"modified":"2026-04-16T09:19:02","modified_gmt":"2026-04-16T08:19:02","slug":"book","status":"publish","type":"page","link":"https:\/\/flyingsuperkids.com\/en\/book\/","title":{"rendered":"Q \/ CU &#8211; Booking ENG"},"content":{"rendered":"<p>[et_pb_section fb_built=&#8221;1&#8243; fullwidth=&#8221;on&#8221; _builder_version=&#8221;4.16&#8243; _module_preset=&#8221;default&#8221; background_color=&#8221;#000000&#8243; custom_margin=&#8221;-163px|||||&#8221; bottom_divider_style=&#8221;curve&#8221; bottom_divider_color=&#8221;#0055A5&#8243; bottom_divider_height=&#8221;38px&#8221; bottom_divider_flip=&#8221;vertical&#8221; bottom_divider_height_tablet=&#8221;25px&#8221; bottom_divider_height_phone=&#8221;20px&#8221; bottom_divider_height_last_edited=&#8221;on|phone&#8221; global_colors_info=&#8221;{}&#8221;][et_pb_fullwidth_image title_text=&#8221;1400&#215;400 Slide Jump&#8221; _builder_version=&#8221;4.16&#8243; _module_preset=&#8221;default&#8221; background_color=&#8221;#000000&#8243; background_image=&#8221;https:\/\/flyingsuperkids.com\/wp-content\/uploads\/2022\/02\/1400&#215;400-Slide-Jump.jpg&#8221; max_width=&#8221;1400px&#8221; module_alignment=&#8221;center&#8221; min_height=&#8221;400px&#8221; min_height_tablet=&#8221;350px&#8221; min_height_phone=&#8221;250px&#8221; min_height_last_edited=&#8221;on|desktop&#8221; custom_margin=&#8221;150px||||false|false&#8221; custom_margin_tablet=&#8221;150px||||false|false&#8221; custom_margin_phone=&#8221;150px||||false|false&#8221; custom_margin_last_edited=&#8221;on|phone&#8221; custom_css_main_element=&#8221;  -moz-box-shadow: inset 0px 0px 70px 40px #000;||  -webkit-box-shadow: inset 0px 0px 70px 40px #000;||  box-shadow: inset 0px 0px 70px 40px #000;&#8221; global_colors_info=&#8221;{}&#8221;][\/et_pb_fullwidth_image][\/et_pb_section][et_pb_section fb_built=&#8221;1&#8243; custom_padding_last_edited=&#8221;on|phone&#8221; _builder_version=&#8221;4.16&#8243; _module_preset=&#8221;default&#8221; background_color=&#8221;#0055A5&#8243; custom_margin=&#8221;0px||0px||false|false&#8221; custom_padding=&#8221;0px||0px||false|false&#8221; custom_padding_tablet=&#8221;0px||0px||false|false&#8221; custom_padding_phone=&#8221;0px||0px||false|false&#8221; global_colors_info=&#8221;{}&#8221;][et_pb_row custom_padding_last_edited=&#8221;on|phone&#8221; _builder_version=&#8221;4.16&#8243; _module_preset=&#8221;default&#8221; custom_margin=&#8221;0px||0px||false|false&#8221; custom_margin_tablet=&#8221;0px||0px||false|false&#8221; custom_margin_phone=&#8221;0px||0px||false|false&#8221; custom_margin_last_edited=&#8221;on|desktop&#8221; custom_padding=&#8221;10px||30px||false|false&#8221; custom_padding_tablet=&#8221;20px||15px||false|false&#8221; custom_padding_phone=&#8221;20px||15px||false|false&#8221; global_colors_info=&#8221;{}&#8221;][et_pb_column type=&#8221;4_4&#8243; _builder_version=&#8221;4.16&#8243; _module_preset=&#8221;default&#8221; global_colors_info=&#8221;{}&#8221;][et_pb_text _builder_version=&#8221;4.16&#8243; _module_preset=&#8221;default&#8221; header_font=&#8221;||||||||&#8221; text_orientation=&#8221;center&#8221; custom_margin=&#8221;||||false|false&#8221; custom_margin_tablet=&#8221;0px||0px||false|false&#8221; custom_margin_phone=&#8221;0px||0px||false|false&#8221; custom_margin_last_edited=&#8221;on|phone&#8221; custom_padding=&#8221;||||false|false&#8221; header_font_tablet=&#8221;&#8221; header_font_phone=&#8221;&#8221; header_font_last_edited=&#8221;on|desktop&#8221; header_font_size_tablet=&#8221;&#8221; header_font_size_phone=&#8221;25px&#8221; header_font_size_last_edited=&#8221;on|desktop&#8221; global_colors_info=&#8221;{}&#8221;]<\/p>\n<h1 style=\"text-align: center;\">BOOKING &#x2b50;<\/h1>\n<p>[\/et_pb_text][\/et_pb_column][\/et_pb_row][\/et_pb_section][et_pb_section fb_built=&#8221;1&#8243; _builder_version=&#8221;4.16&#8243; _module_preset=&#8221;default&#8221; background_color=&#8221;#0055A5&#8243; custom_margin=&#8221;0px||0px||false|false&#8221; custom_margin_tablet=&#8221;0px||0px||false|false&#8221; custom_margin_phone=&#8221;0px||0px||false|false&#8221; custom_margin_last_edited=&#8221;on|phone&#8221; custom_padding=&#8221;0px||0px||false|false&#8221; global_colors_info=&#8221;{}&#8221;][et_pb_row column_structure=&#8221;2_5,3_5&#8243; custom_padding_last_edited=&#8221;on|tablet&#8221; _builder_version=&#8221;4.24.1&#8243; _module_preset=&#8221;default&#8221; max_width=&#8221;800px&#8221; max_width_tablet=&#8221;800px&#8221; max_width_phone=&#8221;800px&#8221; max_width_last_edited=&#8221;on|tablet&#8221; custom_margin=&#8221;0px||0px||false|false&#8221; custom_padding=&#8221;0px||40px||false|false&#8221; custom_padding_tablet=&#8221;||||false|false&#8221; custom_padding_phone=&#8221;||||false|false&#8221; global_colors_info=&#8221;{}&#8221; custom_css_main_element_last_edited=&#8221;on|phone&#8221; custom_css_main_element_tablet=&#8221;display:flex;&#8221; custom_css_main_element_phone=&#8221;||&#8221;][et_pb_column type=&#8221;2_5&#8243; _builder_version=&#8221;4.16&#8243; _module_preset=&#8221;default&#8221; global_colors_info=&#8221;{}&#8221;][et_pb_text content_tablet=&#8221;<\/p>\n<p><span>Alle foresp\u00f8rgsler vedr\u00f8rende PR bedes rettet til vores pressekontakt Ida p\u00e5 mail <\/span><a href=%22mailto:ikn@flyingsuperkids.com%22>ikn@flyingsuperkids.com<\/a> \ud83d\udc4d<\/p>\n<p>Hvis foresp\u00f8rgslen haster kan man ogs\u00e5 ringe p\u00e5 tlf. <a href=%22tel:24677401%22>24 67 74 01<\/a><\/p>\n<p><span><\/span><\/p>\n<p><span>Bem\u00e6rk, at pressekontakt har INTET med <\/span>billetsupport<span> at g\u00f8re! \ud83d\ude09<\/span><\/p>\n<p>&#8221; content_phone=&#8221;<\/p>\n<p><span>Alle foresp\u00f8rgsler vedr\u00f8rende PR bedes rettet til vores pressekontakt Ida p\u00e5 mail <\/span><a href=%22mailto:ikn@flyingsuperkids.com%22>ikn@flyingsuperkids.com<\/a> \ud83d\udc4d<\/p>\n<p>Hvis foresp\u00f8rgslen haster, kan man ogs\u00e5 ringe p\u00e5 tlf. <a href=%22tel:24677401%22>24 67 74 01<\/a><\/p>\n<p><span><\/span><\/p>\n<p><span>Bem\u00e6rk, at pressekontakt har INTET med <\/span>billetsupport<span> at g\u00f8re! \ud83d\ude09<\/span><\/p>\n<p>&#8221; content_last_edited=&#8221;off|desktop&#8221; _builder_version=&#8221;4.27.4&#8243; _module_preset=&#8221;default&#8221; module_alignment=&#8221;center&#8221; custom_padding=&#8221;|0px|||false|false&#8221; custom_padding_tablet=&#8221;|35px|||false|false&#8221; custom_padding_phone=&#8221;|0px|||false|false&#8221; custom_padding_last_edited=&#8221;on|tablet&#8221; text_orientation_tablet=&#8221;&#8221; text_orientation_phone=&#8221;left&#8221; text_orientation_last_edited=&#8221;on|phone&#8221; global_colors_info=&#8221;{}&#8221;]<\/p>\n<p><span>Flying Superkids can be booked for performances all over the world.<br \/>Performance time can be anything from 10 minutes to the full 2 hours show \ud83d\ude0d<\/span><\/p>\n<p><span>All booking inquiries should be directed to our director Lars at\u00a0<\/span><a href=\"mailto:lars@flyingsuperkids.com\">lars@flyingsuperkids.com<\/a><span> <\/span><\/p>\n<p><span style=\"font-size: 16px;\">UNLESS the bookings are in the Middle East or Asia \u2013 see below \ud83d\ude03<\/span><\/p>\n<p>[\/et_pb_text][\/et_pb_column][et_pb_column type=&#8221;3_5&#8243; _builder_version=&#8221;4.16&#8243; _module_preset=&#8221;default&#8221; global_colors_info=&#8221;{}&#8221;][et_pb_image src=&#8221;https:\/\/flyingsuperkids.com\/wp-content\/uploads\/2022\/02\/Lars-Godbersen.jpg&#8221; title_text=&#8221;Lars Godbersen&#8221; align=&#8221;center&#8221; _builder_version=&#8221;4.16&#8243; _module_preset=&#8221;default&#8221; border_radii=&#8221;on|20px|20px|20px|20px&#8221; global_colors_info=&#8221;{}&#8221;][\/et_pb_image][\/et_pb_column][\/et_pb_row][\/et_pb_section][et_pb_section fb_built=&#8221;1&#8243; _builder_version=&#8221;4.16&#8243; _module_preset=&#8221;default&#8221; background_color=&#8221;#003788&#8243; custom_margin=&#8221;0px||0px||false|false&#8221; custom_padding=&#8221;0px||0px||false|false&#8221; global_colors_info=&#8221;{}&#8221;][et_pb_row column_structure=&#8221;2_5,3_5&#8243; custom_padding_last_edited=&#8221;on|phone&#8221; module_class=&#8221;custom_row&#8221; _builder_version=&#8221;4.16&#8243; _module_preset=&#8221;default&#8221; max_width=&#8221;800px&#8221; max_width_tablet=&#8221;800px&#8221; max_width_phone=&#8221;800px&#8221; max_width_last_edited=&#8221;on|tablet&#8221; custom_margin=&#8221;0px||0px||false|false&#8221; custom_padding=&#8221;40px||40px||false|false&#8221; custom_padding_tablet=&#8221;35px||||false|false&#8221; custom_padding_phone=&#8221;35px||||false|false&#8221; custom_css_main_element=&#8221;display:flex;||flex-flow: nowrap;&#8221; global_colors_info=&#8221;{}&#8221; custom_css_main_element_last_edited=&#8221;on|phone&#8221; custom_css_main_element_tablet=&#8221;display: flex;||flex-flow: nowrap;&#8221; custom_css_main_element_phone=&#8221;||&#8221;][et_pb_column type=&#8221;2_5&#8243; module_class=&#8221;second-on-mobile&#8221; _builder_version=&#8221;4.16&#8243; _module_preset=&#8221;default&#8221; global_colors_info=&#8221;{}&#8221; custom_css_main_element_last_edited=&#8221;on|tablet&#8221; custom_css_main_element_tablet=&#8221;display: flex !important;||width: auto !important;&#8221; custom_css_main_element_phone=&#8221;display: flex !important;&#8221;][et_pb_image src=&#8221;https:\/\/flyingsuperkids.com\/wp-content\/uploads\/2019\/01\/unnamed.jpg&#8221; title_text=&#8221;unnamed&#8221; align=&#8221;center&#8221; _builder_version=&#8221;4.16&#8243; _module_preset=&#8221;default&#8221; border_radii=&#8221;on|20px|20px|20px|20px&#8221; global_colors_info=&#8221;{}&#8221;][\/et_pb_image][\/et_pb_column][et_pb_column type=&#8221;3_5&#8243; module_class=&#8221;first_on_mobile&#8221; _builder_version=&#8221;4.16&#8243; _module_preset=&#8221;default&#8221; global_colors_info=&#8221;{}&#8221; custom_css_main_element_last_edited=&#8221;on|phone&#8221;][et_pb_text content_tablet=&#8221;<\/p>\n<p><span>Alle foresp\u00f8rgsler vedr\u00f8rende PR bedes rettet til vores pressekontakt Ida p\u00e5 mail <\/span><a href=%22mailto:ikn@flyingsuperkids.com%22>ikn@flyingsuperkids.com<\/a> \ud83d\udc4d<\/p>\n<p>Hvis foresp\u00f8rgslen haster kan man ogs\u00e5 ringe p\u00e5 tlf. <a href=%22tel:24677401%22>24 67 74 01<\/a><\/p>\n<p><span><\/span><\/p>\n<p><span>Bem\u00e6rk, at pressekontakt har INTET med <\/span>billetsupport<span> at g\u00f8re! \ud83d\ude09<\/span><\/p>\n<p>&#8221; content_phone=&#8221;<\/p>\n<p><span>Alle foresp\u00f8rgsler vedr\u00f8rende PR bedes rettet til vores pressekontakt Ida p\u00e5 mail <\/span><a href=%22mailto:ikn@flyingsuperkids.com%22>ikn@flyingsuperkids.com<\/a> \ud83d\udc4d<\/p>\n<p>Hvis foresp\u00f8rgslen haster, kan man ogs\u00e5 ringe p\u00e5 tlf. <a href=%22tel:24677401%22>24 67 74 01<\/a><\/p>\n<p><span><\/span><\/p>\n<p><span>Bem\u00e6rk, at pressekontakt har INTET med <\/span>billetsupport<span> at g\u00f8re! \ud83d\ude09<\/span><\/p>\n<p>&#8221; content_last_edited=&#8221;off|desktop&#8221; _builder_version=&#8221;4.27.4&#8243; _module_preset=&#8221;default&#8221; module_alignment=&#8221;center&#8221; custom_padding=&#8221;|0px|||false|false&#8221; custom_padding_tablet=&#8221;|35px|||false|false&#8221; custom_padding_phone=&#8221;|0px|||false|false&#8221; custom_padding_last_edited=&#8221;on|tablet&#8221; text_orientation_tablet=&#8221;&#8221; text_orientation_phone=&#8221;left&#8221; text_orientation_last_edited=&#8221;on|phone&#8221; global_colors_info=&#8221;{}&#8221;]<\/p>\n<p><strong>Our representative in the Middle East:<\/strong><br \/>Roy Akiki &#8211; Red Signature Entertainment<br \/>Email: <a href=\"mailto:Royakiki@hotmail.com\">Royakiki@hotmail.com<\/a><br \/>Tel: <a href=\"tel:00%20961 70442724\">00 961 70442724<\/a><\/p>\n<p>[\/et_pb_text][\/et_pb_column][\/et_pb_row][\/et_pb_section][et_pb_section fb_built=&#8221;1&#8243; _builder_version=&#8221;4.16&#8243; _module_preset=&#8221;default&#8221; background_color=&#8221;#0055A5&#8243; custom_margin=&#8221;0px||0px||false|false&#8221; custom_margin_tablet=&#8221;0px||0px||false|false&#8221; custom_margin_phone=&#8221;0px||0px||false|false&#8221; custom_margin_last_edited=&#8221;on|phone&#8221; custom_padding=&#8221;35px||0px||false|false&#8221; global_colors_info=&#8221;{}&#8221;][et_pb_row column_structure=&#8221;1_2,1_2&#8243; custom_padding_last_edited=&#8221;on|tablet&#8221; _builder_version=&#8221;4.24.1&#8243; _module_preset=&#8221;default&#8221; max_width=&#8221;800px&#8221; max_width_tablet=&#8221;800px&#8221; max_width_phone=&#8221;800px&#8221; max_width_last_edited=&#8221;on|tablet&#8221; custom_margin=&#8221;0px||0px||false|false&#8221; custom_padding=&#8221;0px||40px||false|false&#8221; custom_padding_tablet=&#8221;||||false|false&#8221; custom_padding_phone=&#8221;||||false|false&#8221; global_colors_info=&#8221;{}&#8221; custom_css_main_element_last_edited=&#8221;on|phone&#8221; custom_css_main_element_tablet=&#8221;display:flex;&#8221; custom_css_main_element_phone=&#8221;||&#8221;][et_pb_column type=&#8221;1_2&#8243; _builder_version=&#8221;4.16&#8243; _module_preset=&#8221;default&#8221; global_colors_info=&#8221;{}&#8221;][et_pb_text content_tablet=&#8221;<\/p>\n<p><span>Alle foresp\u00f8rgsler vedr\u00f8rende PR bedes rettet til vores pressekontakt Ida p\u00e5 mail <\/span><a href=%22mailto:ikn@flyingsuperkids.com%22>ikn@flyingsuperkids.com<\/a> \ud83d\udc4d<\/p>\n<p>Hvis foresp\u00f8rgslen haster kan man ogs\u00e5 ringe p\u00e5 tlf. <a href=%22tel:24677401%22>24 67 74 01<\/a><\/p>\n<p><span><\/span><\/p>\n<p><span>Bem\u00e6rk, at pressekontakt har INTET med <\/span>billetsupport<span> at g\u00f8re! \ud83d\ude09<\/span><\/p>\n<p>&#8221; content_phone=&#8221;<\/p>\n<p><span>Alle foresp\u00f8rgsler vedr\u00f8rende PR bedes rettet til vores pressekontakt Ida p\u00e5 mail <\/span><a href=%22mailto:ikn@flyingsuperkids.com%22>ikn@flyingsuperkids.com<\/a> \ud83d\udc4d<\/p>\n<p>Hvis foresp\u00f8rgslen haster, kan man ogs\u00e5 ringe p\u00e5 tlf. <a href=%22tel:24677401%22>24 67 74 01<\/a><\/p>\n<p><span><\/span><\/p>\n<p><span>Bem\u00e6rk, at pressekontakt har INTET med <\/span>billetsupport<span> at g\u00f8re! \ud83d\ude09<\/span><\/p>\n<p>&#8221; content_last_edited=&#8221;off|desktop&#8221; _builder_version=&#8221;4.27.4&#8243; _module_preset=&#8221;default&#8221; module_alignment=&#8221;center&#8221; custom_padding=&#8221;|0px|||false|false&#8221; custom_padding_tablet=&#8221;|35px|||false|false&#8221; custom_padding_phone=&#8221;|0px|||false|false&#8221; custom_padding_last_edited=&#8221;on|tablet&#8221; text_orientation_tablet=&#8221;&#8221; text_orientation_phone=&#8221;left&#8221; text_orientation_last_edited=&#8221;on|phone&#8221; global_colors_info=&#8221;{}&#8221;]<\/p>\n<p><strong>Our representative in Asia and South Africa:<br \/><\/strong>Jayaselan Rajoo @ JSR<br \/>JSR PRO Entertainment Malaysia<br \/>Email:<span>\u00a0<\/span><a href=\"mailto:jsr@flyingsuperkids.com\" target=\"_blank\" rel=\"noopener\">jsr@flyingsuperkids.com<\/a><br \/>Mobile Malaysia number :<a href=\"tel:+6%200122233933\u00a0\">+6 0122233933\u00a0<\/a><\/p>\n<p>[\/et_pb_text][\/et_pb_column][et_pb_column type=&#8221;1_2&#8243; _builder_version=&#8221;4.16&#8243; _module_preset=&#8221;default&#8221; global_colors_info=&#8221;{}&#8221;][et_pb_image src=&#8221;https:\/\/flyingsuperkids.com\/wp-content\/uploads\/2025\/11\/JSR-Web.jpg&#8221; title_text=&#8221;JSR-Web&#8221; align=&#8221;center&#8221; _builder_version=&#8221;4.27.4&#8243; _module_preset=&#8221;default&#8221; border_radii=&#8221;on|20px|20px|20px|20px&#8221; global_colors_info=&#8221;{}&#8221;][\/et_pb_image][\/et_pb_column][\/et_pb_row][\/et_pb_section]<\/p>\n","protected":false},"excerpt":{"rendered":"<p>BOOKING &#x2b50;Flying Superkids can be booked for performances all over the world.Performance time can be anything from 10 minutes to the full 2 hours show \ud83d\ude0d All booking inquiries should be directed to our director Lars at\u00a0lars@flyingsuperkids.com UNLESS the bookings are in the Middle East or Asia \u2013 see below \ud83d\ude03Our representative in the Middle [&hellip;]<\/p>\n","protected":false},"author":5,"featured_media":0,"parent":0,"menu_order":0,"comment_status":"closed","ping_status":"closed","template":"","meta":{"_et_pb_use_builder":"on","_et_pb_old_content":"","_et_gb_content_width":"","footnotes":""},"folder":[],"class_list":["post-10443","page","type-page","status-publish","hentry"],"yoast_head":"<!-- This site is optimized with the Yoast SEO Premium plugin v26.6 (Yoast SEO v27.1.1) - https:\/\/yoast.com\/product\/yoast-seo-premium-wordpress\/ -->\n<title>Book Flying Superkids - All over the world<\/title>\n<meta name=\"description\" content=\"Flying Superkids can be booked for performances all over the world. Performance time can be anything from 10 minutes to the full 2 hours show\" \/>\n<meta name=\"robots\" content=\"index, follow, max-snippet:-1, max-image-preview:large, max-video-preview:-1\" \/>\n<link rel=\"canonical\" href=\"https:\/\/flyingsuperkids.com\/en\/book\/\" \/>\n<meta property=\"og:locale\" content=\"en_US\" \/>\n<meta property=\"og:type\" content=\"article\" \/>\n<meta property=\"og:title\" content=\"Q \/ CU - Booking ENG\" \/>\n<meta property=\"og:description\" content=\"Flying Superkids can be booked for performances all over the world. Performance time can be anything from 10 minutes to the full 2 hours show\" \/>\n<meta property=\"og:url\" content=\"https:\/\/flyingsuperkids.com\/en\/book\/\" \/>\n<meta property=\"og:site_name\" content=\"Flying Superkids\" \/>\n<meta property=\"article:publisher\" content=\"https:\/\/www.facebook.com\/flyingsuperkids\/?locale=da_DK\" \/>\n<meta property=\"article:modified_time\" content=\"2026-04-16T08:19:02+00:00\" \/>\n<meta name=\"twitter:card\" content=\"summary_large_image\" \/>\n<meta name=\"twitter:label1\" content=\"Est. reading time\" \/>\n\t<meta name=\"twitter:data1\" content=\"1 minute\" \/>\n<script type=\"application\/ld+json\" class=\"yoast-schema-graph\">{\"@context\":\"https:\/\/schema.org\",\"@graph\":[{\"@type\":\"WebPage\",\"@id\":\"https:\/\/flyingsuperkids.com\/en\/book\/\",\"url\":\"https:\/\/flyingsuperkids.com\/en\/book\/\",\"name\":\"Book Flying Superkids - All over the world\",\"isPartOf\":{\"@id\":\"https:\/\/flyingsuperkids.com\/en\/#website\"},\"datePublished\":\"2022-01-14T10:12:25+00:00\",\"dateModified\":\"2026-04-16T08:19:02+00:00\",\"description\":\"Flying Superkids can be booked for performances all over the world. Performance time can be anything from 10 minutes to the full 2 hours show\",\"breadcrumb\":{\"@id\":\"https:\/\/flyingsuperkids.com\/en\/book\/#breadcrumb\"},\"inLanguage\":\"en-US\",\"potentialAction\":[{\"@type\":\"ReadAction\",\"target\":[\"https:\/\/flyingsuperkids.com\/en\/book\/\"]}]},{\"@type\":\"BreadcrumbList\",\"@id\":\"https:\/\/flyingsuperkids.com\/en\/book\/#breadcrumb\",\"itemListElement\":[{\"@type\":\"ListItem\",\"position\":1,\"name\":\"Hjem\",\"item\":\"https:\/\/flyingsuperkids.com\/en\/\"},{\"@type\":\"ListItem\",\"position\":2,\"name\":\"Q \/ CU &#8211; Booking ENG\"}]},{\"@type\":\"WebSite\",\"@id\":\"https:\/\/flyingsuperkids.com\/en\/#website\",\"url\":\"https:\/\/flyingsuperkids.com\/en\/\",\"name\":\"Flying Superkids\",\"description\":\"Flying Superkids\",\"publisher\":{\"@id\":\"https:\/\/flyingsuperkids.com\/en\/#organization\"},\"potentialAction\":[{\"@type\":\"SearchAction\",\"target\":{\"@type\":\"EntryPoint\",\"urlTemplate\":\"https:\/\/flyingsuperkids.com\/en\/?s={search_term_string}\"},\"query-input\":{\"@type\":\"PropertyValueSpecification\",\"valueRequired\":true,\"valueName\":\"search_term_string\"}}],\"inLanguage\":\"en-US\"},{\"@type\":\"Organization\",\"@id\":\"https:\/\/flyingsuperkids.com\/en\/#organization\",\"name\":\"Flying Superkids\",\"url\":\"https:\/\/flyingsuperkids.com\/en\/\",\"logo\":{\"@type\":\"ImageObject\",\"inLanguage\":\"en-US\",\"@id\":\"https:\/\/flyingsuperkids.com\/en\/#\/schema\/logo\/image\/\",\"url\":\"https:\/\/flyingsuperkids.com\/wp-content\/uploads\/2019\/02\/2019-02-FS-Logo-Safeticket.png\",\"contentUrl\":\"https:\/\/flyingsuperkids.com\/wp-content\/uploads\/2019\/02\/2019-02-FS-Logo-Safeticket.png\",\"width\":420,\"height\":130,\"caption\":\"Flying Superkids\"},\"image\":{\"@id\":\"https:\/\/flyingsuperkids.com\/en\/#\/schema\/logo\/image\/\"},\"sameAs\":[\"https:\/\/www.facebook.com\/flyingsuperkids\/?locale=da_DK\"]}]}<\/script>\n<!-- \/ Yoast SEO Premium plugin. -->","yoast_head_json":{"title":"Book Flying Superkids - All over the world","description":"Flying Superkids can be booked for performances all over the world. Performance time can be anything from 10 minutes to the full 2 hours show","robots":{"index":"index","follow":"follow","max-snippet":"max-snippet:-1","max-image-preview":"max-image-preview:large","max-video-preview":"max-video-preview:-1"},"canonical":"https:\/\/flyingsuperkids.com\/en\/book\/","og_locale":"en_US","og_type":"article","og_title":"Q \/ CU - Booking ENG","og_description":"Flying Superkids can be booked for performances all over the world. Performance time can be anything from 10 minutes to the full 2 hours show","og_url":"https:\/\/flyingsuperkids.com\/en\/book\/","og_site_name":"Flying Superkids","article_publisher":"https:\/\/www.facebook.com\/flyingsuperkids\/?locale=da_DK","article_modified_time":"2026-04-16T08:19:02+00:00","twitter_card":"summary_large_image","twitter_misc":{"Est. reading time":"1 minute"},"schema":{"@context":"https:\/\/schema.org","@graph":[{"@type":"WebPage","@id":"https:\/\/flyingsuperkids.com\/en\/book\/","url":"https:\/\/flyingsuperkids.com\/en\/book\/","name":"Book Flying Superkids - All over the world","isPartOf":{"@id":"https:\/\/flyingsuperkids.com\/en\/#website"},"datePublished":"2022-01-14T10:12:25+00:00","dateModified":"2026-04-16T08:19:02+00:00","description":"Flying Superkids can be booked for performances all over the world. Performance time can be anything from 10 minutes to the full 2 hours show","breadcrumb":{"@id":"https:\/\/flyingsuperkids.com\/en\/book\/#breadcrumb"},"inLanguage":"en-US","potentialAction":[{"@type":"ReadAction","target":["https:\/\/flyingsuperkids.com\/en\/book\/"]}]},{"@type":"BreadcrumbList","@id":"https:\/\/flyingsuperkids.com\/en\/book\/#breadcrumb","itemListElement":[{"@type":"ListItem","position":1,"name":"Hjem","item":"https:\/\/flyingsuperkids.com\/en\/"},{"@type":"ListItem","position":2,"name":"Q \/ CU &#8211; Booking ENG"}]},{"@type":"WebSite","@id":"https:\/\/flyingsuperkids.com\/en\/#website","url":"https:\/\/flyingsuperkids.com\/en\/","name":"Flying Superkids","description":"Flying Superkids","publisher":{"@id":"https:\/\/flyingsuperkids.com\/en\/#organization"},"potentialAction":[{"@type":"SearchAction","target":{"@type":"EntryPoint","urlTemplate":"https:\/\/flyingsuperkids.com\/en\/?s={search_term_string}"},"query-input":{"@type":"PropertyValueSpecification","valueRequired":true,"valueName":"search_term_string"}}],"inLanguage":"en-US"},{"@type":"Organization","@id":"https:\/\/flyingsuperkids.com\/en\/#organization","name":"Flying Superkids","url":"https:\/\/flyingsuperkids.com\/en\/","logo":{"@type":"ImageObject","inLanguage":"en-US","@id":"https:\/\/flyingsuperkids.com\/en\/#\/schema\/logo\/image\/","url":"https:\/\/flyingsuperkids.com\/wp-content\/uploads\/2019\/02\/2019-02-FS-Logo-Safeticket.png","contentUrl":"https:\/\/flyingsuperkids.com\/wp-content\/uploads\/2019\/02\/2019-02-FS-Logo-Safeticket.png","width":420,"height":130,"caption":"Flying Superkids"},"image":{"@id":"https:\/\/flyingsuperkids.com\/en\/#\/schema\/logo\/image\/"},"sameAs":["https:\/\/www.facebook.com\/flyingsuperkids\/?locale=da_DK"]}]}},"_links":{"self":[{"href":"https:\/\/flyingsuperkids.com\/en\/wp-json\/wp\/v2\/pages\/10443","targetHints":{"allow":["GET"]}}],"collection":[{"href":"https:\/\/flyingsuperkids.com\/en\/wp-json\/wp\/v2\/pages"}],"about":[{"href":"https:\/\/flyingsuperkids.com\/en\/wp-json\/wp\/v2\/types\/page"}],"author":[{"embeddable":true,"href":"https:\/\/flyingsuperkids.com\/en\/wp-json\/wp\/v2\/users\/5"}],"replies":[{"embeddable":true,"href":"https:\/\/flyingsuperkids.com\/en\/wp-json\/wp\/v2\/comments?post=10443"}],"version-history":[{"count":27,"href":"https:\/\/flyingsuperkids.com\/en\/wp-json\/wp\/v2\/pages\/10443\/revisions"}],"predecessor-version":[{"id":22500,"href":"https:\/\/flyingsuperkids.com\/en\/wp-json\/wp\/v2\/pages\/10443\/revisions\/22500"}],"wp:attachment":[{"href":"https:\/\/flyingsuperkids.com\/en\/wp-json\/wp\/v2\/media?parent=10443"}],"wp:term":[{"taxonomy":"folder","embeddable":true,"href":"https:\/\/flyingsuperkids.com\/en\/wp-json\/wp\/v2\/folder?post=10443"}],"curies":[{"name":"wp","href":"https:\/\/api.w.org\/{rel}","templated":true}]}}