{"id":11240,"date":"2022-09-23T10:28:05","date_gmt":"2022-09-23T09:28:05","guid":{"rendered":"http:\/\/flyingsuperkids.com\/press-material-fs\/"},"modified":"2025-11-05T12:15:11","modified_gmt":"2025-11-05T11:15:11","slug":"press","status":"publish","type":"page","link":"https:\/\/flyingsuperkids.com\/en\/press\/","title":{"rendered":"Press material FS"},"content":{"rendered":"<p>[et_pb_section fb_built=&#8221;1&#8243; _builder_version=&#8221;4.16&#8243; _module_preset=&#8221;default&#8221; background_color=&#8221;#0055A5&#8243; custom_margin=&#8221;0px||0px||false|false&#8221; custom_padding=&#8221;0px||0px||false|false&#8221; global_colors_info=&#8221;{}&#8221;][et_pb_row custom_padding_last_edited=&#8221;on|phone&#8221; _builder_version=&#8221;4.16&#8243; _module_preset=&#8221;default&#8221; custom_padding=&#8221;90px||0px||false|false&#8221; custom_padding_tablet=&#8221;80px||0px||false|false&#8221; custom_padding_phone=&#8221;||0px||false|false&#8221; global_colors_info=&#8221;{}&#8221;][et_pb_column type=&#8221;4_4&#8243; _builder_version=&#8221;4.16&#8243; _module_preset=&#8221;default&#8221; global_colors_info=&#8221;{}&#8221;][et_pb_text admin_label=&#8221;Text&#8221; _builder_version=&#8221;4.27.4&#8243; _module_preset=&#8221;default&#8221; text_orientation=&#8221;center&#8221; custom_margin=&#8221;||0px||false|false&#8221; custom_padding=&#8221;0px||||false|false&#8221; header_font_size_tablet=&#8221;&#8221; header_font_size_phone=&#8221;25px&#8221; header_font_size_last_edited=&#8221;on|phone&#8221; global_colors_info=&#8221;{}&#8221;]<\/p>\n<h1>PRESS MATERIAL \u2b50<\/h1>\n<p>[\/et_pb_text][\/et_pb_column][\/et_pb_row][\/et_pb_section][et_pb_section fb_built=&#8221;1&#8243; _builder_version=&#8221;4.16&#8243; _module_preset=&#8221;default&#8221; background_color=&#8221;#0055A5&#8243; custom_margin=&#8221;0px||0px||false|false&#8221; custom_padding=&#8221;0px||15px||false|false&#8221; global_colors_info=&#8221;{}&#8221;][et_pb_row _builder_version=&#8221;4.16&#8243; _module_preset=&#8221;default&#8221; max_width=&#8221;500px&#8221; module_alignment=&#8221;center&#8221; custom_padding=&#8221;21px|||||&#8221; global_colors_info=&#8221;{}&#8221;][et_pb_column type=&#8221;4_4&#8243; _builder_version=&#8221;4.16&#8243; _module_preset=&#8221;default&#8221; global_colors_info=&#8221;{}&#8221;][et_pb_text _builder_version=&#8221;4.27.4&#8243; _module_preset=&#8221;default&#8221; text_text_color=&#8221;#FFFFFF&#8221; text_orientation=&#8221;center&#8221; max_width=&#8221;500px&#8221; module_alignment=&#8221;center&#8221; custom_margin=&#8221;||25px|||&#8221; hover_enabled=&#8221;0&#8243; global_colors_info=&#8221;{}&#8221; sticky_enabled=&#8221;0&#8243;]<\/p>\n<p>Below is the current Flying Superkids press material.<br \/>This page is ONLY built for computer\/desktop \ud83d\udcbb<\/p>\n<p><span style=\"color: #ff0000;\"><strong>PLEASE NOTICE! You need to be logged in with a Google Account to see the pictures.<br \/>And It can take up to 10-15 seconds for the pictures to load \ud83d\ude0a<\/strong><\/span><\/p>\n<p>If you have any questions or requests (e.g. clipped images, various designs etc), please write to us at <a href=\"mailto:hello@flyingsuperkids.com\">hello@flyingsuperkids.com \ud83d\ude03<\/a><\/p>\n<p>[\/et_pb_text][et_pb_toggle title=&#8221;Experiencing issues downloading? &#8221; open_toggle_text_color=&#8221;#FFFFFF&#8221; open_toggle_background_color=&#8221;RGBA(255,255,255,0)&#8221; closed_toggle_background_color=&#8221;RGBA(255,255,255,0)&#8221; icon_color=&#8221;#FFFFFF&#8221; _builder_version=&#8221;4.16&#8243; _module_preset=&#8221;default&#8221; title_text_color=&#8221;#FFFFFF&#8221; title_font=&#8221;||||||||&#8221; text_orientation=&#8221;center&#8221; max_width=&#8221;360px&#8221; module_alignment=&#8221;center&#8221; custom_padding=&#8221;12px||12px||false|false&#8221; body_line_height_tablet=&#8221;&#8221; body_line_height_phone=&#8221;&#8221; body_line_height_last_edited=&#8221;on|desktop&#8221; custom_css_toggle_content=&#8221;text-align:left;||&#8221; border_radii=&#8221;on|20px|20px|20px|20px&#8221; border_width_all=&#8221;2px&#8221; border_color_all=&#8221;#FFFFFF&#8221; saved_tabs=&#8221;all&#8221; global_colors_info=&#8221;{}&#8221;]<\/p>\n<p><em>S\u00e5dan downloader du indholdet herunder:<\/em><\/p>\n<ol style=\"line-height: 1.3;\">\n<li style=\"text-align: left;\">Tryk p\u00e5 det \u00f8nskede foto &#8211; herefter \u00e5bner der et nyt link med billedet i fuld st\u00f8rrelse.<\/li>\n<li style=\"text-align: left;\">Tryk p\u00e5 download knappen i h\u00f8jre top hj\u00f8rne &#x1f44d;<\/li>\n<\/ol>\n<p>[\/et_pb_toggle][\/et_pb_column][\/et_pb_row][\/et_pb_section][et_pb_section fb_built=&#8221;1&#8243; _builder_version=&#8221;4.16&#8243; _module_preset=&#8221;default&#8221; background_color=&#8221;#0F2E6F&#8221; custom_margin=&#8221;||||false|false&#8221; custom_padding=&#8221;36px||25px||false|false&#8221; global_colors_info=&#8221;{}&#8221;][et_pb_row _builder_version=&#8221;4.16&#8243; _module_preset=&#8221;default&#8221; background_color=&#8221;RGBA(255,255,255,0)&#8221; custom_padding=&#8221;0px||0px||false|false&#8221; global_colors_info=&#8221;{}&#8221;][et_pb_column type=&#8221;4_4&#8243; _builder_version=&#8221;4.16&#8243; _module_preset=&#8221;default&#8221; global_colors_info=&#8221;{}&#8221;][et_pb_text _builder_version=&#8221;4.16&#8243; _module_preset=&#8221;default&#8221; custom_margin=&#8221;||0px||false|false&#8221; custom_padding=&#8221;||0px||false|false&#8221; global_colors_info=&#8221;{}&#8221;]<\/p>\n<h3>Most used photos:<\/h3>\n<p>[\/et_pb_text][et_pb_code disabled_on=&#8221;off|off|off&#8221; _builder_version=&#8221;4.27.4&#8243; _module_preset=&#8221;default&#8221; text_orientation=&#8221;center&#8221; module_alignment=&#8221;center&#8221; custom_margin=&#8221;0px||0px||false|false&#8221; custom_margin_tablet=&#8221;||||false|false&#8221; custom_margin_phone=&#8221;0px||0px||false|false&#8221; custom_margin_last_edited=&#8221;on|phone&#8221; custom_padding=&#8221;0px||0px||false|false&#8221; global_colors_info=&#8221;{}&#8221;]<pee><iframe style=\"width: 100%; height: 800px; border: 0;\" data-src=\"https:\/\/drive.google.com\/embeddedfolderview?id=1wCEcgrh2L0SH5StUHaINGpD1ppqkI9Ov#grid\" width=\"200\" height=\"00\" src=\"data:image\/svg+xml;base64,PHN2ZyB3aWR0aD0iMSIgaGVpZ2h0PSIxIiB4bWxucz0iaHR0cDovL3d3dy53My5vcmcvMjAwMC9zdmciPjwvc3ZnPg==\" class=\"lazyload\" data-load-mode=\"1\"><\/iframe><\/pee>[\/et_pb_code][\/et_pb_column][\/et_pb_row][\/et_pb_section][et_pb_section fb_built=&#8221;1&#8243; _builder_version=&#8221;4.16&#8243; _module_preset=&#8221;default&#8221; background_color=&#8221;#0055A5&#8243; custom_margin=&#8221;||||false|false&#8221; custom_padding=&#8221;36px||25px||false|false&#8221; global_colors_info=&#8221;{}&#8221;][et_pb_row _builder_version=&#8221;4.16&#8243; _module_preset=&#8221;default&#8221; background_color=&#8221;RGBA(255,255,255,0)&#8221; custom_padding=&#8221;0px||0px||false|false&#8221; global_colors_info=&#8221;{}&#8221;][et_pb_column type=&#8221;4_4&#8243; _builder_version=&#8221;4.16&#8243; _module_preset=&#8221;default&#8221; global_colors_info=&#8221;{}&#8221;][et_pb_text _builder_version=&#8221;4.16&#8243; _module_preset=&#8221;default&#8221; custom_margin=&#8221;||0px||false|false&#8221; custom_padding=&#8221;||0px||false|false&#8221; global_colors_info=&#8221;{}&#8221;]<\/p>\n<h3>In artwork:<\/h3>\n<p>[\/et_pb_text][et_pb_code disabled_on=&#8221;off|off|off&#8221; _builder_version=&#8221;4.27.4&#8243; _module_preset=&#8221;default&#8221; text_orientation=&#8221;center&#8221; module_alignment=&#8221;center&#8221; custom_margin=&#8221;0px||0px||false|false&#8221; custom_margin_tablet=&#8221;||||false|false&#8221; custom_margin_phone=&#8221;0px||0px||false|false&#8221; custom_margin_last_edited=&#8221;on|phone&#8221; custom_padding=&#8221;0px||0px||false|false&#8221; global_colors_info=&#8221;{}&#8221;]<pee><iframe style=\"width: 100%; height: 800px; border: 0;\" data-src=\"https:\/\/drive.google.com\/embeddedfolderview?id=1wMqG8Cr206nKl3x5fDnmU5hWFjUihJ2e#grid\" width=\"200\" height=\"100\" src=\"data:image\/svg+xml;base64,PHN2ZyB3aWR0aD0iMSIgaGVpZ2h0PSIxIiB4bWxucz0iaHR0cDovL3d3dy53My5vcmcvMjAwMC9zdmciPjwvc3ZnPg==\" class=\"lazyload\" data-load-mode=\"1\"><\/iframe><\/pee>[\/et_pb_code][\/et_pb_column][\/et_pb_row][et_pb_row _builder_version=&#8221;4.16&#8243; _module_preset=&#8221;default&#8221; background_color=&#8221;RGBA(255,255,255,0)&#8221; custom_padding=&#8221;0px||0px||false|false&#8221; global_colors_info=&#8221;{}&#8221;][et_pb_column type=&#8221;4_4&#8243; _builder_version=&#8221;4.16&#8243; _module_preset=&#8221;default&#8221; global_colors_info=&#8221;{}&#8221;][et_pb_text _builder_version=&#8221;4.16&#8243; _module_preset=&#8221;default&#8221; custom_margin=&#8221;||0px||false|false&#8221; custom_padding=&#8221;||0px||false|false&#8221; global_colors_info=&#8221;{}&#8221;]<\/p>\n<h3>Logo &amp; Bottom for press texts:<\/h3>\n<p>[\/et_pb_text][et_pb_code disabled_on=&#8221;off|off|off&#8221; _builder_version=&#8221;4.27.4&#8243; _module_preset=&#8221;default&#8221; text_orientation=&#8221;center&#8221; module_alignment=&#8221;center&#8221; custom_margin=&#8221;0px||0px||false|false&#8221; custom_margin_tablet=&#8221;||||false|false&#8221; custom_margin_phone=&#8221;0px||0px||false|false&#8221; custom_margin_last_edited=&#8221;on|phone&#8221; custom_padding=&#8221;0px||0px||false|false&#8221; global_colors_info=&#8221;{}&#8221;]<pee><iframe style=\"width: 100%; height: 300px; border: 0;\" data-src=\"https:\/\/drive.google.com\/embeddedfolderview?id=1wHCTciHbC3bww7DxyfIdbHl4yTij96kT#grid\" width=\"200\" height=\"100\" src=\"data:image\/svg+xml;base64,PHN2ZyB3aWR0aD0iMSIgaGVpZ2h0PSIxIiB4bWxucz0iaHR0cDovL3d3dy53My5vcmcvMjAwMC9zdmciPjwvc3ZnPg==\" class=\"lazyload\" data-load-mode=\"1\"><\/iframe><\/pee>[\/et_pb_code][\/et_pb_column][\/et_pb_row][\/et_pb_section][et_pb_section fb_built=&#8221;1&#8243; _builder_version=&#8221;4.16&#8243; _module_preset=&#8221;default&#8221; background_color=&#8221;#0F2E6F&#8221; custom_margin=&#8221;||||false|false&#8221; custom_padding=&#8221;36px||25px||false|false&#8221; global_colors_info=&#8221;{}&#8221;][et_pb_row _builder_version=&#8221;4.16&#8243; _module_preset=&#8221;default&#8221; background_color=&#8221;RGBA(255,255,255,0)&#8221; custom_padding=&#8221;0px||0px||false|false&#8221; global_colors_info=&#8221;{}&#8221;][et_pb_column type=&#8221;4_4&#8243; _builder_version=&#8221;4.16&#8243; _module_preset=&#8221;default&#8221; global_colors_info=&#8221;{}&#8221;][et_pb_text _builder_version=&#8221;4.16&#8243; _module_preset=&#8221;default&#8221; custom_margin=&#8221;||0px||false|false&#8221; custom_padding=&#8221;||0px||false|false&#8221; global_colors_info=&#8221;{}&#8221;]<\/p>\n<h3>Technical production \/ Tent production<\/h3>\n<p>[\/et_pb_text][et_pb_code disabled_on=&#8221;off|off|off&#8221; _builder_version=&#8221;4.27.4&#8243; _module_preset=&#8221;default&#8221; text_orientation=&#8221;center&#8221; module_alignment=&#8221;center&#8221; custom_margin=&#8221;0px||0px||false|false&#8221; custom_margin_tablet=&#8221;||||false|false&#8221; custom_margin_phone=&#8221;0px||0px||false|false&#8221; custom_margin_last_edited=&#8221;on|phone&#8221; custom_padding=&#8221;0px||0px||false|false&#8221; global_colors_info=&#8221;{}&#8221;]<pee><iframe style=\"width: 100%; height: 500px; border: 0;\" data-src=\"https:\/\/drive.google.com\/embeddedfolderview?id=1wEiy7vpmHOkauRt45EjPJNwSxgUlM9l4#grid\" width=\"200\" height=\"100\" src=\"data:image\/svg+xml;base64,PHN2ZyB3aWR0aD0iMSIgaGVpZ2h0PSIxIiB4bWxucz0iaHR0cDovL3d3dy53My5vcmcvMjAwMC9zdmciPjwvc3ZnPg==\" class=\"lazyload\" data-load-mode=\"1\"><\/iframe><\/pee>[\/et_pb_code][\/et_pb_column][\/et_pb_row][\/et_pb_section][et_pb_section fb_built=&#8221;1&#8243; _builder_version=&#8221;4.17.4&#8243; _module_preset=&#8221;default&#8221; background_color=&#8221;#0055A5&#8243; custom_margin=&#8221;||||false|false&#8221; custom_padding=&#8221;36px||25px||false|false&#8221; global_colors_info=&#8221;{}&#8221;][et_pb_row module_class=&#8221;no-padding&#8221; _builder_version=&#8221;4.17.4&#8243; _module_preset=&#8221;default&#8221; background_color=&#8221;RGBA(255,255,255,0)&#8221; custom_padding=&#8221;0px||0px||false|false&#8221; global_colors_info=&#8221;{}&#8221;][et_pb_column type=&#8221;4_4&#8243; _builder_version=&#8221;4.16&#8243; _module_preset=&#8221;default&#8221; global_colors_info=&#8221;{}&#8221;][et_pb_text _builder_version=&#8221;4.16&#8243; _module_preset=&#8221;default&#8221; custom_margin=&#8221;||0px||false|false&#8221; custom_padding=&#8221;||0px||false|false&#8221; global_colors_info=&#8221;{}&#8221;]<\/p>\n<h3>Different aspects of the show:<\/h3>\n<p>[\/et_pb_text][et_pb_code disabled_on=&#8221;off|off|off&#8221; _builder_version=&#8221;4.27.4&#8243; _module_preset=&#8221;default&#8221; position_origin_f=&#8221;top_center&#8221; text_orientation=&#8221;center&#8221; module_alignment=&#8221;center&#8221; custom_margin=&#8221;0px||0px||false|false&#8221; custom_margin_tablet=&#8221;||||false|false&#8221; custom_margin_phone=&#8221;0px||0px||false|false&#8221; custom_margin_last_edited=&#8221;on|phone&#8221; custom_padding=&#8221;0px||0px||false|false&#8221; global_colors_info=&#8221;{}&#8221;]<pee><iframe style=\"width: 100%; height: 1400px; position: initial; border: 0;\" data-src=\"https:\/\/drive.google.com\/embeddedfolderview?id=1wOdSNnXQejIV9r9OzhitcLCt8s6UBwI0#grid\" width=\"300\" height=\"300\" src=\"data:image\/svg+xml;base64,PHN2ZyB3aWR0aD0iMSIgaGVpZ2h0PSIxIiB4bWxucz0iaHR0cDovL3d3dy53My5vcmcvMjAwMC9zdmciPjwvc3ZnPg==\" class=\"lazyload\" data-load-mode=\"1\"><\/iframe><\/pee>[\/et_pb_code][\/et_pb_column][\/et_pb_row][et_pb_row _builder_version=&#8221;4.17.4&#8243; _module_preset=&#8221;default&#8221; global_colors_info=&#8221;{}&#8221;][et_pb_column type=&#8221;4_4&#8243; _builder_version=&#8221;4.17.4&#8243; _module_preset=&#8221;default&#8221; global_colors_info=&#8221;{}&#8221;][et_pb_text _builder_version=&#8221;4.17.4&#8243; _module_preset=&#8221;default&#8221; global_colors_info=&#8221;{}&#8221;][\/et_pb_text][\/et_pb_column][\/et_pb_row][\/et_pb_section]<\/p>\n","protected":false},"excerpt":{"rendered":"<p>PRESS MATERIAL \u2b50Below is the current Flying Superkids press material.This page is ONLY built for computer\/desktop \ud83d\udcbb PLEASE NOTICE! You need to be logged in with a Google Account to see the pictures.And It can take up to 10-15 seconds for the pictures to load \ud83d\ude0a If you have any questions or requests (e.g. clipped [&hellip;]<\/p>\n","protected":false},"author":5,"featured_media":0,"parent":0,"menu_order":0,"comment_status":"closed","ping_status":"closed","template":"","meta":{"_et_pb_use_builder":"on","_et_pb_old_content":"","_et_gb_content_width":"","footnotes":""},"folder":[],"class_list":["post-11240","page","type-page","status-publish","hentry"],"yoast_head":"<!-- This site is optimized with the Yoast SEO Premium plugin v26.6 (Yoast SEO v27.1.1) - https:\/\/yoast.com\/product\/yoast-seo-premium-wordpress\/ -->\n<title>Press material - Flying Superkids<\/title>\n<meta name=\"robots\" content=\"index, follow, max-snippet:-1, max-image-preview:large, max-video-preview:-1\" \/>\n<link rel=\"canonical\" href=\"https:\/\/flyingsuperkids.com\/en\/press\/\" \/>\n<meta property=\"og:locale\" content=\"en_US\" \/>\n<meta property=\"og:type\" content=\"article\" \/>\n<meta property=\"og:title\" content=\"Press material FS\" \/>\n<meta property=\"og:description\" content=\"PRESS MATERIAL \u2b50Below is the current Flying Superkids press material.This page is ONLY built for computer\/desktop \ud83d\udcbb PLEASE NOTICE! You need to be logged in with a Google Account to see the pictures.And It can take up to 10-15 seconds for the pictures to load \ud83d\ude0a If you have any questions or requests (e.g. clipped [&hellip;]\" \/>\n<meta property=\"og:url\" content=\"https:\/\/flyingsuperkids.com\/en\/press\/\" \/>\n<meta property=\"og:site_name\" content=\"Flying Superkids\" \/>\n<meta property=\"article:publisher\" content=\"https:\/\/www.facebook.com\/flyingsuperkids\/?locale=da_DK\" \/>\n<meta property=\"article:modified_time\" content=\"2025-11-05T11:15:11+00:00\" \/>\n<meta name=\"twitter:card\" content=\"summary_large_image\" \/>\n<meta name=\"twitter:label1\" content=\"Est. reading time\" \/>\n\t<meta name=\"twitter:data1\" content=\"1 minute\" \/>\n<script type=\"application\/ld+json\" class=\"yoast-schema-graph\">{\"@context\":\"https:\/\/schema.org\",\"@graph\":[{\"@type\":\"WebPage\",\"@id\":\"https:\/\/flyingsuperkids.com\/en\/press\/\",\"url\":\"https:\/\/flyingsuperkids.com\/en\/press\/\",\"name\":\"Press material - Flying Superkids\",\"isPartOf\":{\"@id\":\"https:\/\/flyingsuperkids.com\/en\/#website\"},\"datePublished\":\"2022-09-23T09:28:05+00:00\",\"dateModified\":\"2025-11-05T11:15:11+00:00\",\"breadcrumb\":{\"@id\":\"https:\/\/flyingsuperkids.com\/en\/press\/#breadcrumb\"},\"inLanguage\":\"en-US\",\"potentialAction\":[{\"@type\":\"ReadAction\",\"target\":[\"https:\/\/flyingsuperkids.com\/en\/press\/\"]}]},{\"@type\":\"BreadcrumbList\",\"@id\":\"https:\/\/flyingsuperkids.com\/en\/press\/#breadcrumb\",\"itemListElement\":[{\"@type\":\"ListItem\",\"position\":1,\"name\":\"Hjem\",\"item\":\"https:\/\/flyingsuperkids.com\/en\/\"},{\"@type\":\"ListItem\",\"position\":2,\"name\":\"Press material FS\"}]},{\"@type\":\"WebSite\",\"@id\":\"https:\/\/flyingsuperkids.com\/en\/#website\",\"url\":\"https:\/\/flyingsuperkids.com\/en\/\",\"name\":\"Flying Superkids\",\"description\":\"Flying Superkids\",\"publisher\":{\"@id\":\"https:\/\/flyingsuperkids.com\/en\/#organization\"},\"potentialAction\":[{\"@type\":\"SearchAction\",\"target\":{\"@type\":\"EntryPoint\",\"urlTemplate\":\"https:\/\/flyingsuperkids.com\/en\/?s={search_term_string}\"},\"query-input\":{\"@type\":\"PropertyValueSpecification\",\"valueRequired\":true,\"valueName\":\"search_term_string\"}}],\"inLanguage\":\"en-US\"},{\"@type\":\"Organization\",\"@id\":\"https:\/\/flyingsuperkids.com\/en\/#organization\",\"name\":\"Flying Superkids\",\"url\":\"https:\/\/flyingsuperkids.com\/en\/\",\"logo\":{\"@type\":\"ImageObject\",\"inLanguage\":\"en-US\",\"@id\":\"https:\/\/flyingsuperkids.com\/en\/#\/schema\/logo\/image\/\",\"url\":\"https:\/\/flyingsuperkids.com\/wp-content\/uploads\/2019\/02\/2019-02-FS-Logo-Safeticket.png\",\"contentUrl\":\"https:\/\/flyingsuperkids.com\/wp-content\/uploads\/2019\/02\/2019-02-FS-Logo-Safeticket.png\",\"width\":420,\"height\":130,\"caption\":\"Flying Superkids\"},\"image\":{\"@id\":\"https:\/\/flyingsuperkids.com\/en\/#\/schema\/logo\/image\/\"},\"sameAs\":[\"https:\/\/www.facebook.com\/flyingsuperkids\/?locale=da_DK\"]}]}<\/script>\n<!-- \/ Yoast SEO Premium plugin. -->","yoast_head_json":{"title":"Press material - Flying Superkids","robots":{"index":"index","follow":"follow","max-snippet":"max-snippet:-1","max-image-preview":"max-image-preview:large","max-video-preview":"max-video-preview:-1"},"canonical":"https:\/\/flyingsuperkids.com\/en\/press\/","og_locale":"en_US","og_type":"article","og_title":"Press material FS","og_description":"PRESS MATERIAL \u2b50Below is the current Flying Superkids press material.This page is ONLY built for computer\/desktop \ud83d\udcbb PLEASE NOTICE! You need to be logged in with a Google Account to see the pictures.And It can take up to 10-15 seconds for the pictures to load \ud83d\ude0a If you have any questions or requests (e.g. clipped [&hellip;]","og_url":"https:\/\/flyingsuperkids.com\/en\/press\/","og_site_name":"Flying Superkids","article_publisher":"https:\/\/www.facebook.com\/flyingsuperkids\/?locale=da_DK","article_modified_time":"2025-11-05T11:15:11+00:00","twitter_card":"summary_large_image","twitter_misc":{"Est. reading time":"1 minute"},"schema":{"@context":"https:\/\/schema.org","@graph":[{"@type":"WebPage","@id":"https:\/\/flyingsuperkids.com\/en\/press\/","url":"https:\/\/flyingsuperkids.com\/en\/press\/","name":"Press material - Flying Superkids","isPartOf":{"@id":"https:\/\/flyingsuperkids.com\/en\/#website"},"datePublished":"2022-09-23T09:28:05+00:00","dateModified":"2025-11-05T11:15:11+00:00","breadcrumb":{"@id":"https:\/\/flyingsuperkids.com\/en\/press\/#breadcrumb"},"inLanguage":"en-US","potentialAction":[{"@type":"ReadAction","target":["https:\/\/flyingsuperkids.com\/en\/press\/"]}]},{"@type":"BreadcrumbList","@id":"https:\/\/flyingsuperkids.com\/en\/press\/#breadcrumb","itemListElement":[{"@type":"ListItem","position":1,"name":"Hjem","item":"https:\/\/flyingsuperkids.com\/en\/"},{"@type":"ListItem","position":2,"name":"Press material FS"}]},{"@type":"WebSite","@id":"https:\/\/flyingsuperkids.com\/en\/#website","url":"https:\/\/flyingsuperkids.com\/en\/","name":"Flying Superkids","description":"Flying Superkids","publisher":{"@id":"https:\/\/flyingsuperkids.com\/en\/#organization"},"potentialAction":[{"@type":"SearchAction","target":{"@type":"EntryPoint","urlTemplate":"https:\/\/flyingsuperkids.com\/en\/?s={search_term_string}"},"query-input":{"@type":"PropertyValueSpecification","valueRequired":true,"valueName":"search_term_string"}}],"inLanguage":"en-US"},{"@type":"Organization","@id":"https:\/\/flyingsuperkids.com\/en\/#organization","name":"Flying Superkids","url":"https:\/\/flyingsuperkids.com\/en\/","logo":{"@type":"ImageObject","inLanguage":"en-US","@id":"https:\/\/flyingsuperkids.com\/en\/#\/schema\/logo\/image\/","url":"https:\/\/flyingsuperkids.com\/wp-content\/uploads\/2019\/02\/2019-02-FS-Logo-Safeticket.png","contentUrl":"https:\/\/flyingsuperkids.com\/wp-content\/uploads\/2019\/02\/2019-02-FS-Logo-Safeticket.png","width":420,"height":130,"caption":"Flying Superkids"},"image":{"@id":"https:\/\/flyingsuperkids.com\/en\/#\/schema\/logo\/image\/"},"sameAs":["https:\/\/www.facebook.com\/flyingsuperkids\/?locale=da_DK"]}]}},"_links":{"self":[{"href":"https:\/\/flyingsuperkids.com\/en\/wp-json\/wp\/v2\/pages\/11240","targetHints":{"allow":["GET"]}}],"collection":[{"href":"https:\/\/flyingsuperkids.com\/en\/wp-json\/wp\/v2\/pages"}],"about":[{"href":"https:\/\/flyingsuperkids.com\/en\/wp-json\/wp\/v2\/types\/page"}],"author":[{"embeddable":true,"href":"https:\/\/flyingsuperkids.com\/en\/wp-json\/wp\/v2\/users\/5"}],"replies":[{"embeddable":true,"href":"https:\/\/flyingsuperkids.com\/en\/wp-json\/wp\/v2\/comments?post=11240"}],"version-history":[{"count":33,"href":"https:\/\/flyingsuperkids.com\/en\/wp-json\/wp\/v2\/pages\/11240\/revisions"}],"predecessor-version":[{"id":16332,"href":"https:\/\/flyingsuperkids.com\/en\/wp-json\/wp\/v2\/pages\/11240\/revisions\/16332"}],"wp:attachment":[{"href":"https:\/\/flyingsuperkids.com\/en\/wp-json\/wp\/v2\/media?parent=11240"}],"wp:term":[{"taxonomy":"folder","embeddable":true,"href":"https:\/\/flyingsuperkids.com\/en\/wp-json\/wp\/v2\/folder?post=11240"}],"curies":[{"name":"wp","href":"https:\/\/api.w.org\/{rel}","templated":true}]}}